{"id":290,"date":"2018-07-16T06:08:16","date_gmt":"2018-07-16T06:08:16","guid":{"rendered":"http:\/\/wp3.commonsupport.com\/newwp\/borvel\/?page_id=290"},"modified":"2025-11-03T14:32:11","modified_gmt":"2025-11-03T17:32:11","slug":"nosotros-empresa","status":"publish","type":"page","link":"https:\/\/sigmasa.com\/index.php\/nosotros-empresa\/","title":{"rendered":"Nosotros"},"content":{"rendered":"<p><section class=\"kc-elm kc-css-373256 kc_row\"><div class=\"kc-row-container  kc-container\"><div class=\"kc-wrap-columns\"><div class=\"kc-elm kc-css-50143 kc_col-sm-12 kc_column kc_col-sm-12\"><div class=\"kc-col-container\"><!--Company Page Section-->\r\n<section class=\"company-page-section\">\r\n    <div class=\"auto-container\">\r\n    \r\n        <!--Title Box-->\r\n        <div class=\"title-box\">\r\n            <!--Sec Title-->\r\n            <div class=\"sec-title\">\r\n                <h2>Nuestra Empresa<\/h2>\r\n            <\/div>\r\n            <div class=\"row clearfix\">\r\n                <div class=\"column col-md-5 col-sm-12 col-xs-12\">\r\n                    <div class=\"styled-text\">Sigma S.A. nace en 1985 con la convicci\u00f3n de implementar sistemas y modalidades de construcci\u00f3n de alta calidad en la Provincia de San Juan.<\/div>\r\n                    <a href=\"https:\/\/sigmasa.com\/wp-content\/uploads\/2022\/06\/Brochure-Sigma.pdf\" class=\"download-box\">Descarga nuestro Brochure <span class=\"icon flaticon-download-arrow-1\"><\/span><\/a>\r\n                <\/div>\r\n                <div class=\"column col-md-7 col-sm-12 col-xs-12\">\r\n                    <div class=\"text\">\r\n                        <p>Creemos firmemente en lo que hacemos y nos avalan la experiencia y los resultados logrados.\r\nUtilizamos t\u00e9cnicas de trabajo a la vanguardia brindando la m\u00e1xima calidad y optimizando los recursos, aprovechando todo el potencial de nuestro equipo de profesionales y las modernas tecnolog\u00edas hoy disponibles.\r\nMejoramos d\u00eda a d\u00eda la calidad y la seguridad de las obras, acotando tiempos de ejecuci\u00f3n al fin de maximizar la rentabilidad para nuestros clientes.\r\n<\/p>                    <\/div>\r\n                <\/div>\r\n            <\/div>\r\n        <\/div>\r\n        \r\n        <!--Idea Section-->\r\n        <div class=\"idea-section\">\r\n            <div class=\"row clearfix\">\r\n                <!--Image Column-->\r\n                <div class=\"image-column col-md-5 col-sm-12 col-xs-12\">\r\n                    <div class=\"image\">\r\n                        <img decoding=\"async\" src=\"http:\/\/wp3.commonsupport.com\/newwp\/borvel\/wp-content\/uploads\/2018\/07\/company-1.jpg\" alt=\"Awesome Image\" \/>\r\n                    <\/div>\r\n                <\/div>\r\n                <!--Content Column-->\r\n                <div class=\"content-column col-md-7 col-sm-12 col-xs-12\">\r\n                    <div class=\"inner-column\">\r\n                        <h2>MISI\u00d3N Y VISI\u00d3N<\/h2>\r\n                        <div class=\"styled-text\"><\/div>\r\n                        <div class=\"text\">\r\n                            <p>Misi\u00f3n: consiste en prestar servicios de ingenier\u00eda y construcciones de grandes obras civiles, industriales, saneamiento y viales en forma responsable y sustentable en el \u00e1mbito de la Provincia de San Juan.<\/p>\r\n<p>Visi\u00f3n: posicionarnos como la mejor y m\u00e1s innovadora empresa en el ramo de la construcci\u00f3n e ingenier\u00eda y  mantenernos a la vanguardia en cuanto a las nuevas tecnolog\u00edas,  bas\u00e1ndonos en la especializaci\u00f3n y capacitaci\u00f3n de nuestro personal, respetando las normas para la conservaci\u00f3n del medio ambiente.<\/p>                        <\/div>\r\n                    <\/div>\r\n                <\/div>\r\n            <\/div>\r\n        <\/div>\r\n        <!--End Idea Section-->\r\n        \r\n    <\/div>\r\n<\/section>\r\n<!--End Company Page Section--><\/div><\/div><\/div><\/div><\/section><section class=\"kc-elm kc-css-878678 kc_row\"><div class=\"kc-row-container  kc-container\"><div class=\"kc-wrap-columns\"><div class=\"kc-elm kc-css-366345 kc_col-sm-12 kc_column kc_col-sm-12\"><div class=\"kc-col-container\"><!--Approach Section-->\r\n<section class=\"approach-section\">\r\n    <div class=\"auto-container\">\r\n        <div class=\"row clearfix\">\r\n            \r\n            <!--Content Column-->\r\n            <div class=\"content-column col-md-8 col-sm-12 col-xs-12\">\r\n                <div class=\"inner-column\">\r\n                    <div class=\"sec-title\">\r\n                        <h2>POL\u00cdTICA DE LA CALIDAD, SEGURIDAD y SALUD OCUPACIONAL y MEDIO AMBIENTE <\/h2>\r\n                    <\/div>\r\n                    <div class=\"styled-text\"><\/div>\r\n                    <div class=\"text\">\r\n                        <p>En SIGMA nos comprometemos a satisfacer los requerimientos y expectativas de nuestros clientes y otras partes interesadas de manera eficiente, sostenible y con los m\u00e1s altos est\u00e1ndares de calidad, seguridad y cuidado ambiental, manteniendo un Sistema de Gesti\u00f3n Integrado basado en las Normas ISO 9001:2015, ISO 14001:2015 e ISO 45001:2018.\r\n<\/p>\r\n<p>Cumpliendo con nuestra visi\u00f3n nos proponemos a:<\/p>\r\n\r\n<p>- Innovar y mejorar continuamente nuestros procesos, productos y servicios, garantizando altos est\u00e1ndares de calidad, eficiencia y sustentabilidad para consolidarnos como referentes en la regi\u00f3n.<\/p>\r\n\r\n<p>- Valorar el esfuerzo de nuestros trabajadores, promoviendo su desarrollo profesional a trav\u00e9s de capacitaci\u00f3n constante, trabajo en equipo y un entorno colaborativo.<\/p>\r\n\r\n<p>- Desarrollar soluciones innovadoras que generen beneficios mutuos para clientes, trabajadores, la comunidad y el medio ambiente.<\/p>\r\n\r\n<p>- Prevenir y mitigar los riesgos laborales, eliminando peligros y reduciendo riesgos para la seguridad y salud de nuestros colaboradores.<\/p>\r\n\r\n<p>- Proteger el medio ambiente, previniendo la contaminaci\u00f3n y promoviendo el uso sostenible de los recursos naturales.<\/p>\r\n\r\n<p>- Actuar con \u00e9tica, transparencia y responsabilidad, cumpliendo con los requisitos legales y otros requisitos aplicables.<\/p>\r\n\r\n<p>- Mejorar continuamente la eficacia y desempe\u00f1o de nuestro Sistema de Gesti\u00f3n Integrado.<\/p>\r\n\r\n<p>La Direcci\u00f3n de SIGMA asume estos compromisos bajo la responsabilidad de rendir cuentas sobre el desempe\u00f1o de ellos; mediante el seguimiento, la medici\u00f3n y la revisi\u00f3n de su sistema de gesti\u00f3n.\r\n<\/p>\r\n                    <\/div>\r\n                <\/div>\r\n            <\/div>\r\n            \r\n            <!--Image Column-->\r\n            <div class=\"image-column col-md-4 col-sm-12 col-xs-12\">\r\n                <div class=\"inner-column\">\r\n                    <div class=\"image\">\r\n                        <img decoding=\"async\" src=\"https:\/\/sigmasa.com\/wp-content\/uploads\/2022\/06\/casco-3.png\" alt=\"Awesome Image\" \/>\r\n                    <\/div>\r\n                <\/div>\r\n            <\/div>\r\n            \r\n        <\/div>\r\n    <\/div>\r\n<\/section>\r\n<!--End Approach Section--><\/div><\/div><\/div><\/div><\/section><section class=\"kc-elm kc-css-105432 kc_row\"><div class=\"kc-row-container\"><div class=\"kc-wrap-columns\"><div class=\"kc-elm kc-css-787302 kc_col-sm-12 kc_column kc_col-sm-12\"><div class=\"kc-col-container\"> \r\n\r\n<!--Services Section Five-->\r\n<div class=\"services-section-five\">\r\n    <div class=\"auto-container\">\r\n        <h2>Ayudamos a nuestros clientes a <span class=\"theme_color\">construir<\/span> sus proyectos desde 1985.<\/h2>\r\n        <div class=\"row clearfix\">\r\n                        <!--Services Block Three-->\r\n            <div class=\"service-block-three col-md-4 col-sm-6 col-xs-12\">\r\n                <div class=\"inner-box\">\r\n                    <div class=\"image\">\r\n                        <a href=\"https:\/\/sigmasa.com\/index.php\/desarrollos-inmobiliarios-residenciales\/\"><img loading=\"lazy\" decoding=\"async\" width=\"370\" height=\"235\" src=\"https:\/\/sigmasa.com\/wp-content\/uploads\/2022\/06\/ayres-370x235.png\" class=\"attachment-borvel_370x235 size-borvel_370x235 wp-post-image\" alt=\"\" srcset=\"https:\/\/sigmasa.com\/wp-content\/uploads\/2022\/06\/ayres-370x235.png 370w, https:\/\/sigmasa.com\/wp-content\/uploads\/2022\/06\/ayres-570x360.png 570w\" sizes=\"auto, (max-width: 370px) 100vw, 370px\" \/><\/a>\r\n                    <\/div>\r\n                    <div class=\"lower-content\">\r\n                        <h3><a href=\"https:\/\/sigmasa.com\/index.php\/desarrollos-inmobiliarios-residenciales\/\">Desarrollo Residenciales<\/a><\/h3>\r\n                        <div class=\"text\">Hemos enfocado esta unidad de negocios en la proyecci\u00f3n, realizaci\u00f3n y comercializaci\u00f3n de barrios privados de alta calidad constructiva. &nbsp;<\/div>\r\n                    <\/div>\r\n                <\/div>\r\n            <\/div>\r\n                        <!--Services Block Three-->\r\n            <div class=\"service-block-three col-md-4 col-sm-6 col-xs-12\">\r\n                <div class=\"inner-box\">\r\n                    <div class=\"image\">\r\n                        <a href=\"https:\/\/sigmasa.com\/index.php\/construccion\/\"><img loading=\"lazy\" decoding=\"async\" width=\"370\" height=\"235\" src=\"https:\/\/sigmasa.com\/wp-content\/uploads\/2022\/06\/470x355-370x235.png\" class=\"attachment-borvel_370x235 size-borvel_370x235 wp-post-image\" alt=\"\" \/><\/a>\r\n                    <\/div>\r\n                    <div class=\"lower-content\">\r\n                        <h3><a href=\"https:\/\/sigmasa.com\/index.php\/construccion\/\">Contrucci\u00f3n<\/a><\/h3>\r\n                        <div class=\"text\">Sigma es una de las m\u00e1s importantes empresas de construcci\u00f3n de la Provincia de San Juan. Nos enfocamos en proyectos de tipo industrial y residencial.<\/div>\r\n                    <\/div>\r\n                <\/div>\r\n            <\/div>\r\n                        <!--Services Block Three-->\r\n            <div class=\"service-block-three col-md-4 col-sm-6 col-xs-12\">\r\n                <div class=\"inner-box\">\r\n                    <div class=\"image\">\r\n                        <a href=\"https:\/\/sigmasa.com\/index.php\/ingenieria-proyecto-detalle\/\"><img loading=\"lazy\" decoding=\"async\" width=\"370\" height=\"235\" src=\"https:\/\/sigmasa.com\/wp-content\/uploads\/2022\/06\/ing-1-370x235.png\" class=\"attachment-borvel_370x235 size-borvel_370x235 wp-post-image\" alt=\"\" srcset=\"https:\/\/sigmasa.com\/wp-content\/uploads\/2022\/06\/ing-1-370x235.png 370w, https:\/\/sigmasa.com\/wp-content\/uploads\/2022\/06\/ing-1-570x360.png 570w\" sizes=\"auto, (max-width: 370px) 100vw, 370px\" \/><\/a>\r\n                    <\/div>\r\n                    <div class=\"lower-content\">\r\n                        <h3><a href=\"https:\/\/sigmasa.com\/index.php\/ingenieria-proyecto-detalle\/\">Ingenier\u00eda<\/a><\/h3>\r\n                        <div class=\"text\">Desde hace 25 a\u00f1os, Sigma es sin\u00f3nimo de excelencia en ingenier\u00eda de la construcci\u00f3n en San Juan. La innovaci\u00f3n es sin dudas nuestra caracter\u00edstica principal.<\/div>\r\n                    <\/div>\r\n                <\/div>\r\n            <\/div>\r\n                    <\/div>\r\n        \r\n    <\/div>\r\n<\/div>\r\n<!--End Services Section Five-->\r\n\r\n<\/div><\/div><\/div><\/div><\/section><section class=\"kc-elm kc-css-499111 kc_row\"><div class=\"kc-row-container\"><div class=\"kc-wrap-columns\"><div class=\"kc-elm kc-css-945996 kc_col-sm-12 kc_column kc_col-sm-12\"><div class=\"kc-col-container\"><!--Call To Action Section-->\n<section class=\"call-to-action-section\">\n    <div class=\"auto-container\">\n        <div class=\"row clearfix\">\n            \n            <div class=\"column col-md-9 col-sm-12 col-xs-12\">\n                <h2>Te invitamos a comunicarte con nuestra empresa.<\/h2>\n            <\/div>\n            \n            <div class=\"btn-column col-md-3 col-sm-12 col-xs-12\">\n                <a href=\"https:\/\/sigmasa.com\/index.php\/contacto\/\" class=\"theme-btn btn-style-three\">Contacto<\/a>\n            <\/div>\n            \n        <\/div>\n    <\/div>\n<\/section>\n<!--Call End To Action Section--><\/div><\/div><\/div><\/div><\/section><section class=\"kc-elm kc-css-273299 kc_row\"><div class=\"kc-row-container  kc-container\"><div class=\"kc-wrap-columns\"><div class=\"kc-elm kc-css-189638 kc_col-sm-12 kc_column kc_col-sm-12\"><div class=\"kc-col-container\"><!--Approach Section-->\r\n<section class=\"approach-section\">\r\n    <div class=\"auto-container\">\r\n        <div class=\"row clearfix\">\r\n            \r\n            <!--Content Column-->\r\n            <div class=\"content-column col-md-8 col-sm-12 col-xs-12\">\r\n                <div class=\"inner-column\">\r\n                    <div class=\"sec-title\">\r\n                        <h2>Obras ejecutadas:<\/h2>\r\n                    <\/div>\r\n                    <div class=\"styled-text\"><\/div>\r\n                    <div class=\"text\">\r\n                        <p>(a) 400.000 m2 construidos totales<\/p>\r\n<p>- 150.000 m2 de viviendas (+3000 viviendas)<\/p>\r\n<p>- 72.000 m2 de obras industriales<\/p>\r\n<p>- 8.000 m2 obras varias<\/p>\r\n<p>(b) 50.000 m de obras de saneamiento<p>\r\n<p>(c) 25.000 m de obras viales<\/p>                    <\/div>\r\n                <\/div>\r\n            <\/div>\r\n            \r\n            <!--Image Column-->\r\n            <div class=\"image-column col-md-4 col-sm-12 col-xs-12\">\r\n                <div class=\"inner-column\">\r\n                    <div class=\"image\">\r\n                        <img decoding=\"async\" src=\"http:\/\/wp3.commonsupport.com\/newwp\/borvel\/wp-content\/uploads\/2018\/07\/approach.jpg\" alt=\"Awesome Image\" \/>\r\n                    <\/div>\r\n                <\/div>\r\n            <\/div>\r\n            \r\n        <\/div>\r\n    <\/div>\r\n<\/section>\r\n<!--End Approach Section--><\/div><\/div><\/div><\/div><\/section><\/p>\n","protected":false},"excerpt":{"rendered":"","protected":false},"author":1,"featured_media":0,"parent":0,"menu_order":0,"comment_status":"closed","ping_status":"closed","template":"tpl-king_composer.php","meta":{"footnotes":""},"class_list":["post-290","page","type-page","status-publish","hentry"],"_links":{"self":[{"href":"https:\/\/sigmasa.com\/index.php\/wp-json\/wp\/v2\/pages\/290","targetHints":{"allow":["GET"]}}],"collection":[{"href":"https:\/\/sigmasa.com\/index.php\/wp-json\/wp\/v2\/pages"}],"about":[{"href":"https:\/\/sigmasa.com\/index.php\/wp-json\/wp\/v2\/types\/page"}],"author":[{"embeddable":true,"href":"https:\/\/sigmasa.com\/index.php\/wp-json\/wp\/v2\/users\/1"}],"replies":[{"embeddable":true,"href":"https:\/\/sigmasa.com\/index.php\/wp-json\/wp\/v2\/comments?post=290"}],"version-history":[{"count":17,"href":"https:\/\/sigmasa.com\/index.php\/wp-json\/wp\/v2\/pages\/290\/revisions"}],"predecessor-version":[{"id":716,"href":"https:\/\/sigmasa.com\/index.php\/wp-json\/wp\/v2\/pages\/290\/revisions\/716"}],"wp:attachment":[{"href":"https:\/\/sigmasa.com\/index.php\/wp-json\/wp\/v2\/media?parent=290"}],"curies":[{"name":"wp","href":"https:\/\/api.w.org\/{rel}","templated":true}]}}