{"id":335,"date":"2018-07-16T11:11:29","date_gmt":"2018-07-16T11:11:29","guid":{"rendered":"http:\/\/wp3.commonsupport.com\/newwp\/borvel\/?page_id=335"},"modified":"2023-04-18T19:40:45","modified_gmt":"2023-04-18T22:40:45","slug":"servicios-a-la-minera","status":"publish","type":"page","link":"https:\/\/sigmasa.com\/index.php\/servicios-a-la-minera\/","title":{"rendered":"Servicios a la Minera"},"content":{"rendered":"<section class=\"kc-elm kc-css-742786 kc_row\"><div class=\"kc-row-container  kc-container\"><div class=\"kc-wrap-columns\"><div class=\"kc-elm kc-css-556879 kc_col-sm-12 kc_column kc_col-sm-12\"><div class=\"kc-col-container\"><!--Sidebar Page Container-->\r\n<div class=\"sidebar-page-container\">\r\n    <div class=\"auto-container\">\r\n        <div class=\"row clearfix\">\r\n            \r\n            <!--Sidebar Side-->\r\n            <div class=\"sidebar-side col-lg-3 col-md-4 col-sm-6 col-xs-12\">\r\n                <aside class=\"sidebar\">\r\n                    \r\n                                        \r\n                <\/aside>\r\n            <\/div>\r\n            \r\n            <!--Content Side-->\r\n            <div class=\"content-side col-lg-9 col-md-8 col-sm-12 col-xs-12\">\r\n                <div class=\"services-single\">\r\n                    <div class=\"inner-service\">\r\n                        <!--Image-->\r\n                        <div class=\"single-image\">\r\n                            <img decoding=\"async\" src=\"https:\/\/sigmasa.com\/wp-content\/uploads\/2023\/04\/mineria-1.png\" alt=\"Awesome Image\" \/>\r\n                        <\/div>\r\n                        <h2>Servicios a la Minera<\/h2>\r\n                        <div class=\"text\">\r\n                            <p>Desde nuestros inicios, importantes empresas y organismos p\u00fablicos conf\u00edan en SIGMA para concretar sus proyectos en un marco de responsabilidad, innovaci\u00f3n, calidad, confianza y seguridad. En Miner\u00eda, nuestra empresa ha participado y participa en las etapas de Exploraci\u00f3n, Construcci\u00f3n, Operaci\u00f3n y Mantenimiento.<\/p>\r\n                            \r\n                                                            <!--Two Column-->\r\n                                <div class=\"two-column\">\r\n                                    <div class=\"row clearfix\">\r\n                                        <!--Content Column-->\r\n                                        <div class=\"content-column col-md-7 col-sm-7 col-xs-12\">\r\n                                            <div class=\"inner-column no-padd-left\">\r\n                                                <h2>Las principales tareas son:<\/h2>\r\n                                                <p><\/p>\r\n                                                <ul class=\"list-style-five\">\r\n                                                                                                                                                                <li>- Apertura, construcci\u00f3n y mantenimiento de caminos mineros.\r<\/li>\r\n                                                                                                            <li>- Provisi\u00f3n, operaci\u00f3n y mantenimiento de equipo y maquinaria para la miner\u00eda.\r<\/li>\r\n                                                                                                            <li>- Movimiento de suelo.\r<\/li>\r\n                                                                                                            <li>- Construcci\u00f3n en sitios remotos.<\/li>\r\n                                                                                                    <\/ul>\r\n                                            <\/div>\r\n                                        <\/div>\r\n                                        <!--Image Column-->\r\n                                        <div class=\"image-column col-md-5 col-sm-5 col-xs-12\">\r\n                                            <div class=\"image\">\r\n                                                <img decoding=\"async\" src=\"https:\/\/sigmasa.com\/wp-content\/uploads\/2023\/04\/mineria-2.png\" alt=\"Awesome Image\" \/>\r\n                                            <\/div>\r\n                                        <\/div>\r\n                                    <\/div>\r\n                                <\/div>\r\n                                                        \r\n                                                        \r\n                                                        \t<h2>SIGMA S.A.<\/h2>\r\n                                <p><\/p>\r\n                            \r\n                                <div class=\"row clearfix\">\r\n                                    <div class=\"column col-md-6 col-sm-6 col-xs-12\">\r\n                                        <ul class=\"list-style-six\">\r\n                                                                                                                                        <li>En nuestros m\u00e1s de 30 a\u00f1os de trayectoria, en SIGMA hemos llevado a cabo proyectos para la industria minera y para las principales empresas mineras del sector en la Provincia de San Juan.\r<\/li>\r\n                                                                                            <li>Contamos con equipos para desarrollar diversos proyectos en localizaciones mineras y la tecnolog\u00eda m\u00e1s avanzada al servicio de la construcci\u00f3n.<\/li>\r\n                                                                                    <\/ul>\r\n                                    <\/div>\r\n                                    <div class=\"column col-md-6 col-sm-6 col-xs-12\">\r\n                                        <ul class=\"list-style-six\">\r\n                                                                                                                                        <li>Brindamos servicios a las empresas mineras con Movimiento Masivos de Suelos, Obras Civiles, Rental de Equipos, Construcci\u00f3n y Mantenimiento de Caminos de Alta Monta\u00f1a, entre otros.\r<\/li>\r\n                                                                                            <li>Hemos formado consorcio con otras empresas para aumentar nuestra capacidad de contrataci\u00f3n con las empresas mineras de la Provincia.<\/li>\r\n                                                                                    <\/ul>\r\n                                    <\/div>\r\n                                <\/div>\r\n                                                        \r\n                                                            <!--Agent Box-->\r\n                                <div class=\"agent-box\">\r\n                                    <div class=\"inner-agent\">\r\n                                        <div class=\"clearfix\">\r\n                                            <div class=\"pull-left\">\r\n                                                <div class=\"agent-title\">SIGMA S.A. <\/div>\r\n                                                <h3>Nuestra experiencia y trayectoria nos posicionan como l\u00edder en el mercado.<\/h3>\r\n                                            <\/div>\r\n                                            <div class=\"pull-right\">\r\n                                                <a href=\"https:\/\/sigmasa.com\/index.php\/nosotros-empresa\/\" class=\"theme-btn btn-style-one\">Conoc\u00e9 m\u00e1s<\/a>\r\n                                            <\/div>\r\n                                        <\/div>\r\n                                    <\/div>\r\n                                <\/div>\r\n                                                    <\/div>\r\n                    <\/div>\r\n                <\/div>\r\n            <\/div>\r\n            \r\n        <\/div>\r\n    <\/div>\r\n<\/div>\r\n<!--End Services Section Three--><\/div><\/div><\/div><\/div><\/section>\n","protected":false},"excerpt":{"rendered":"","protected":false},"author":1,"featured_media":0,"parent":0,"menu_order":0,"comment_status":"closed","ping_status":"closed","template":"tpl-king_composer.php","meta":{"footnotes":""},"class_list":["post-335","page","type-page","status-publish","hentry"],"_links":{"self":[{"href":"https:\/\/sigmasa.com\/index.php\/wp-json\/wp\/v2\/pages\/335","targetHints":{"allow":["GET"]}}],"collection":[{"href":"https:\/\/sigmasa.com\/index.php\/wp-json\/wp\/v2\/pages"}],"about":[{"href":"https:\/\/sigmasa.com\/index.php\/wp-json\/wp\/v2\/types\/page"}],"author":[{"embeddable":true,"href":"https:\/\/sigmasa.com\/index.php\/wp-json\/wp\/v2\/users\/1"}],"replies":[{"embeddable":true,"href":"https:\/\/sigmasa.com\/index.php\/wp-json\/wp\/v2\/comments?post=335"}],"version-history":[{"count":12,"href":"https:\/\/sigmasa.com\/index.php\/wp-json\/wp\/v2\/pages\/335\/revisions"}],"predecessor-version":[{"id":1067,"href":"https:\/\/sigmasa.com\/index.php\/wp-json\/wp\/v2\/pages\/335\/revisions\/1067"}],"wp:attachment":[{"href":"https:\/\/sigmasa.com\/index.php\/wp-json\/wp\/v2\/media?parent=335"}],"curies":[{"name":"wp","href":"https:\/\/api.w.org\/{rel}","templated":true}]}}