{"id":360,"date":"2018-07-16T11:25:16","date_gmt":"2018-07-16T14:25:16","guid":{"rendered":"http:\/\/wp3.commonsupport.com\/newwp\/borvel\/?page_id=360"},"modified":"2023-03-03T19:43:24","modified_gmt":"2023-03-03T22:43:24","slug":"ingenieria-proyecto-detalle","status":"publish","type":"page","link":"https:\/\/sigmasa.com\/index.php\/ingenieria-proyecto-detalle\/","title":{"rendered":"Ingenier\u00eda de proyecto y de detalle"},"content":{"rendered":"<section class=\"kc-elm kc-css-494332 kc_row\"><div class=\"kc-row-container  kc-container\"><div class=\"kc-wrap-columns\"><div class=\"kc-elm kc-css-2698 kc_col-sm-12 kc_column kc_col-sm-12\"><div class=\"kc-col-container\"><!--Sidebar Page Container-->\r\n<div class=\"sidebar-page-container\">\r\n    <div class=\"auto-container\">\r\n        <div class=\"row clearfix\">\r\n            \r\n            <!--Sidebar Side-->\r\n            <div class=\"sidebar-side col-lg-3 col-md-4 col-sm-6 col-xs-12\">\r\n                <aside class=\"sidebar\">\r\n                    \r\n                                        \r\n                <\/aside>\r\n            <\/div>\r\n            \r\n            <!--Content Side-->\r\n            <div class=\"content-side col-lg-9 col-md-8 col-sm-12 col-xs-12\">\r\n                <div class=\"services-single\">\r\n                    <div class=\"inner-service\">\r\n                        <!--Image-->\r\n                        <div class=\"single-image\">\r\n                            <img decoding=\"async\" src=\"https:\/\/sigmasa.com\/wp-content\/uploads\/2022\/06\/ing-1.png\" alt=\"Awesome Image\" \/>\r\n                        <\/div>\r\n                        <h2>Ingenier\u00eda de proyecto y de detalle<\/h2>\r\n                        <div class=\"text\">\r\n                            <p>Desde hace 25 a\u00f1os, Sigma es sin\u00f3nimo de excelencia en ingenier\u00eda de la construcci\u00f3n en San Juan. La innovaci\u00f3n es sin dudas nuestra caracter\u00edstica principal y se ve reflejado en la cantidad de proyectos exitosos desarrollados.\r\n\r\nNos destacamos en ingenier\u00eda general de proyecto y en ingenier\u00eda de detalles.\r\n\r\nOfrecemos la experiencia para guiar y asistir a nuestros clientes. Nuestro staff esta compuesto por profesionales con distintos backgrounds acad\u00e9micos para brindarle el soporte necesarios hasta lograr con \u00e9xito sus proyectos desde el concepto hasta la entrega. <\/p>\r\n                            \r\n                                                        \r\n                                                        \r\n                                                        \r\n                                                            <!--Agent Box-->\r\n                                <div class=\"agent-box\">\r\n                                    <div class=\"inner-agent\">\r\n                                        <div class=\"clearfix\">\r\n                                            <div class=\"pull-left\">\r\n                                                <div class=\"agent-title\">SIGMA S.A. <\/div>\r\n                                                <h3>Nuestra experiencia y trayectoria nos posicionan como l\u00edder en el mercado.<\/h3>\r\n                                            <\/div>\r\n                                            <div class=\"pull-right\">\r\n                                                <a href=\"https:\/\/sigmasa.com\/index.php\/nosotros-empresa\/\" class=\"theme-btn btn-style-one\">Conoc\u00e9 m\u00e1s<\/a>\r\n                                            <\/div>\r\n                                        <\/div>\r\n                                    <\/div>\r\n                                <\/div>\r\n                                                    <\/div>\r\n                    <\/div>\r\n                <\/div>\r\n            <\/div>\r\n            \r\n        <\/div>\r\n    <\/div>\r\n<\/div>\r\n<!--End Services Section Three--><\/div><\/div><\/div><\/div><\/section>\n","protected":false},"excerpt":{"rendered":"","protected":false},"author":1,"featured_media":0,"parent":0,"menu_order":0,"comment_status":"closed","ping_status":"closed","template":"tpl-king_composer.php","meta":{"footnotes":""},"class_list":["post-360","page","type-page","status-publish","hentry"],"_links":{"self":[{"href":"https:\/\/sigmasa.com\/index.php\/wp-json\/wp\/v2\/pages\/360","targetHints":{"allow":["GET"]}}],"collection":[{"href":"https:\/\/sigmasa.com\/index.php\/wp-json\/wp\/v2\/pages"}],"about":[{"href":"https:\/\/sigmasa.com\/index.php\/wp-json\/wp\/v2\/types\/page"}],"author":[{"embeddable":true,"href":"https:\/\/sigmasa.com\/index.php\/wp-json\/wp\/v2\/users\/1"}],"replies":[{"embeddable":true,"href":"https:\/\/sigmasa.com\/index.php\/wp-json\/wp\/v2\/comments?post=360"}],"version-history":[{"count":16,"href":"https:\/\/sigmasa.com\/index.php\/wp-json\/wp\/v2\/pages\/360\/revisions"}],"predecessor-version":[{"id":1001,"href":"https:\/\/sigmasa.com\/index.php\/wp-json\/wp\/v2\/pages\/360\/revisions\/1001"}],"wp:attachment":[{"href":"https:\/\/sigmasa.com\/index.php\/wp-json\/wp\/v2\/media?parent=360"}],"curies":[{"name":"wp","href":"https:\/\/api.w.org\/{rel}","templated":true}]}}